{"id":848,"date":"2015-04-03T09:04:20","date_gmt":"2015-04-03T08:04:20","guid":{"rendered":"http:\/\/www.rachat-voiture.fr\/blog\/?page_id=848"},"modified":"2016-11-09T15:50:34","modified_gmt":"2016-11-09T14:50:34","slug":"blog-dactualite-automobile","status":"publish","type":"page","link":"https:\/\/www.rachat-voiture.fr\/blog\/","title":{"rendered":"Blog d&rsquo;actualit\u00e9 automobile"},"content":{"rendered":"","protected":false},"excerpt":{"rendered":"","protected":false},"author":1,"featured_media":1113,"parent":0,"menu_order":0,"comment_status":"open","ping_status":"open","template":"page_builder.php","meta":[],"yoast_head":"<!-- This site is optimized with the Yoast SEO plugin v20.7 - https:\/\/yoast.com\/wordpress\/plugins\/seo\/ -->\n<title>Rachat Voiture : Blog d&#039;actualit\u00e9 automobile<\/title>\n<meta name=\"description\" content=\"Retrouvez l&#039;ensemble de l&#039;actualit\u00e9 auto et les derni\u00e8res tendances de l&#039;automobile r\u00e9dig\u00e9s par des passionn\u00e9s pour des passionn\u00e9s\" \/>\n<meta name=\"robots\" content=\"index, follow, max-snippet:-1, max-image-preview:large, max-video-preview:-1\" \/>\n<link rel=\"canonical\" href=\"https:\/\/www.rachat-voiture.fr\/blog\/\" \/>\n<meta property=\"og:locale\" content=\"fr_FR\" \/>\n<meta property=\"og:type\" content=\"article\" \/>\n<meta property=\"og:title\" content=\"Rachat Voiture : Blog d&#039;actualit\u00e9 automobile\" \/>\n<meta property=\"og:description\" content=\"Retrouvez l&#039;ensemble de l&#039;actualit\u00e9 automobile et les derni\u00e8res tendances de l&#039;automobile sur le blog rachat-voiture.fr\" \/>\n<meta property=\"og:url\" content=\"https:\/\/www.rachat-voiture.fr\/blog\/\" \/>\n<meta property=\"og:site_name\" content=\"Rachat Voiture le blog\" \/>\n<meta property=\"article:publisher\" content=\"https:\/\/www.facebook.com\/rachat-voiturefr-173315142697028\" \/>\n<meta property=\"article:modified_time\" content=\"2016-11-09T14:50:34+00:00\" \/>\n<meta name=\"twitter:card\" content=\"summary_large_image\" \/>\n<meta name=\"twitter:image\" content=\"https:\/\/www.rachat-voiture.fr\/blog\/wp-content\/uploads\/2015\/11\/Volvo-2015-compressed.jpg\" \/>\n<meta name=\"twitter:site\" content=\"@Rachatvoiture\" \/>\n<script type=\"application\/ld+json\" class=\"yoast-schema-graph\">{\"@context\":\"https:\/\/schema.org\",\"@graph\":[{\"@type\":\"WebPage\",\"@id\":\"https:\/\/www.rachat-voiture.fr\/blog\/\",\"url\":\"https:\/\/www.rachat-voiture.fr\/blog\/\",\"name\":\"Rachat Voiture : Blog d'actualit\u00e9 automobile\",\"isPartOf\":{\"@id\":\"https:\/\/www.rachat-voiture.fr\/blog\/#website\"},\"datePublished\":\"2015-04-03T08:04:20+00:00\",\"dateModified\":\"2016-11-09T14:50:34+00:00\",\"description\":\"Retrouvez l'ensemble de l'actualit\u00e9 auto et les derni\u00e8res tendances de l'automobile r\u00e9dig\u00e9s par des passionn\u00e9s pour des passionn\u00e9s\",\"inLanguage\":\"fr-FR\",\"potentialAction\":[{\"@type\":\"ReadAction\",\"target\":[\"https:\/\/www.rachat-voiture.fr\/blog\/\"]}]},{\"@type\":\"WebSite\",\"@id\":\"https:\/\/www.rachat-voiture.fr\/blog\/#website\",\"url\":\"https:\/\/www.rachat-voiture.fr\/blog\/\",\"name\":\"Rachat Voiture le blog\",\"description\":\"\",\"publisher\":{\"@id\":\"https:\/\/www.rachat-voiture.fr\/blog\/#organization\"},\"potentialAction\":[{\"@type\":\"SearchAction\",\"target\":{\"@type\":\"EntryPoint\",\"urlTemplate\":\"https:\/\/www.rachat-voiture.fr\/blog\/?s={search_term_string}\"},\"query-input\":\"required name=search_term_string\"}],\"inLanguage\":\"fr-FR\"},{\"@type\":\"Organization\",\"@id\":\"https:\/\/www.rachat-voiture.fr\/blog\/#organization\",\"name\":\"Rachat-Voiture\",\"url\":\"https:\/\/www.rachat-voiture.fr\/blog\/\",\"logo\":{\"@type\":\"ImageObject\",\"inLanguage\":\"fr-FR\",\"@id\":\"https:\/\/www.rachat-voiture.fr\/blog\/#\/schema\/logo\/image\/\",\"url\":\"https:\/\/www.rachat-voiture.fr\/blog\/wp-content\/uploads\/2016\/03\/logo-rachat-voiture.jpg\",\"contentUrl\":\"https:\/\/www.rachat-voiture.fr\/blog\/wp-content\/uploads\/2016\/03\/logo-rachat-voiture.jpg\",\"width\":425,\"height\":126,\"caption\":\"Rachat-Voiture\"},\"image\":{\"@id\":\"https:\/\/www.rachat-voiture.fr\/blog\/#\/schema\/logo\/image\/\"},\"sameAs\":[\"https:\/\/www.facebook.com\/rachat-voiturefr-173315142697028\",\"https:\/\/twitter.com\/Rachatvoiture\"]}]}<\/script>\n<!-- \/ Yoast SEO plugin. -->","yoast_head_json":{"title":"Rachat Voiture : Blog d'actualit\u00e9 automobile","description":"Retrouvez l'ensemble de l'actualit\u00e9 auto et les derni\u00e8res tendances de l'automobile r\u00e9dig\u00e9s par des passionn\u00e9s pour des passionn\u00e9s","robots":{"index":"index","follow":"follow","max-snippet":"max-snippet:-1","max-image-preview":"max-image-preview:large","max-video-preview":"max-video-preview:-1"},"canonical":"https:\/\/www.rachat-voiture.fr\/blog\/","og_locale":"fr_FR","og_type":"article","og_title":"Rachat Voiture : Blog d'actualit\u00e9 automobile","og_description":"Retrouvez l'ensemble de l'actualit\u00e9 automobile et les derni\u00e8res tendances de l'automobile sur le blog rachat-voiture.fr","og_url":"https:\/\/www.rachat-voiture.fr\/blog\/","og_site_name":"Rachat Voiture le blog","article_publisher":"https:\/\/www.facebook.com\/rachat-voiturefr-173315142697028","article_modified_time":"2016-11-09T14:50:34+00:00","twitter_card":"summary_large_image","twitter_image":"https:\/\/www.rachat-voiture.fr\/blog\/wp-content\/uploads\/2015\/11\/Volvo-2015-compressed.jpg","twitter_site":"@Rachatvoiture","schema":{"@context":"https:\/\/schema.org","@graph":[{"@type":"WebPage","@id":"https:\/\/www.rachat-voiture.fr\/blog\/","url":"https:\/\/www.rachat-voiture.fr\/blog\/","name":"Rachat Voiture : Blog d'actualit\u00e9 automobile","isPartOf":{"@id":"https:\/\/www.rachat-voiture.fr\/blog\/#website"},"datePublished":"2015-04-03T08:04:20+00:00","dateModified":"2016-11-09T14:50:34+00:00","description":"Retrouvez l'ensemble de l'actualit\u00e9 auto et les derni\u00e8res tendances de l'automobile r\u00e9dig\u00e9s par des passionn\u00e9s pour des passionn\u00e9s","inLanguage":"fr-FR","potentialAction":[{"@type":"ReadAction","target":["https:\/\/www.rachat-voiture.fr\/blog\/"]}]},{"@type":"WebSite","@id":"https:\/\/www.rachat-voiture.fr\/blog\/#website","url":"https:\/\/www.rachat-voiture.fr\/blog\/","name":"Rachat Voiture le blog","description":"","publisher":{"@id":"https:\/\/www.rachat-voiture.fr\/blog\/#organization"},"potentialAction":[{"@type":"SearchAction","target":{"@type":"EntryPoint","urlTemplate":"https:\/\/www.rachat-voiture.fr\/blog\/?s={search_term_string}"},"query-input":"required name=search_term_string"}],"inLanguage":"fr-FR"},{"@type":"Organization","@id":"https:\/\/www.rachat-voiture.fr\/blog\/#organization","name":"Rachat-Voiture","url":"https:\/\/www.rachat-voiture.fr\/blog\/","logo":{"@type":"ImageObject","inLanguage":"fr-FR","@id":"https:\/\/www.rachat-voiture.fr\/blog\/#\/schema\/logo\/image\/","url":"https:\/\/www.rachat-voiture.fr\/blog\/wp-content\/uploads\/2016\/03\/logo-rachat-voiture.jpg","contentUrl":"https:\/\/www.rachat-voiture.fr\/blog\/wp-content\/uploads\/2016\/03\/logo-rachat-voiture.jpg","width":425,"height":126,"caption":"Rachat-Voiture"},"image":{"@id":"https:\/\/www.rachat-voiture.fr\/blog\/#\/schema\/logo\/image\/"},"sameAs":["https:\/\/www.facebook.com\/rachat-voiturefr-173315142697028","https:\/\/twitter.com\/Rachatvoiture"]}]}},"_links":{"self":[{"href":"https:\/\/www.rachat-voiture.fr\/blog\/wp-json\/wp\/v2\/pages\/848"}],"collection":[{"href":"https:\/\/www.rachat-voiture.fr\/blog\/wp-json\/wp\/v2\/pages"}],"about":[{"href":"https:\/\/www.rachat-voiture.fr\/blog\/wp-json\/wp\/v2\/types\/page"}],"author":[{"embeddable":true,"href":"https:\/\/www.rachat-voiture.fr\/blog\/wp-json\/wp\/v2\/users\/1"}],"replies":[{"embeddable":true,"href":"https:\/\/www.rachat-voiture.fr\/blog\/wp-json\/wp\/v2\/comments?post=848"}],"version-history":[{"count":1,"href":"https:\/\/www.rachat-voiture.fr\/blog\/wp-json\/wp\/v2\/pages\/848\/revisions"}],"predecessor-version":[{"id":1359,"href":"https:\/\/www.rachat-voiture.fr\/blog\/wp-json\/wp\/v2\/pages\/848\/revisions\/1359"}],"wp:featuredmedia":[{"embeddable":true,"href":"https:\/\/www.rachat-voiture.fr\/blog\/wp-json\/wp\/v2\/media\/1113"}],"wp:attachment":[{"href":"https:\/\/www.rachat-voiture.fr\/blog\/wp-json\/wp\/v2\/media?parent=848"}],"curies":[{"name":"wp","href":"https:\/\/api.w.org\/{rel}","templated":true}]}}